{"id":22,"date":"2018-02-12T14:12:56","date_gmt":"2018-02-12T14:12:56","guid":{"rendered":"http:\/\/www.maranatapropiedades.cl\/?page_id=22"},"modified":"2018-02-19T22:37:17","modified_gmt":"2018-02-20T01:37:17","slug":"mision-2","status":"publish","type":"page","link":"https:\/\/www.maranatapropiedades.cl\/?page_id=22","title":{"rendered":"Misi\u00f3n"},"content":{"rendered":"<p style=\"text-align: justify;\"><span style=\"font-family: verdana, geneva;\"><strong>Maranata Propiedades<\/strong> es\u00a0 una empresa dedicada a la gesti\u00f3n inmobiliaria, que busca entregar a nuestros clientes el servicio de \u00f3ptima calidad y otorgar soluciones integrales; adem\u00e1s de la confianza requerida en las distintas etapas del proceso de compra y venta de bienes ra\u00edces. Brindando una atenci\u00f3n personalizada, exitosa y asesor\u00eda, tanto en los aspectos legales, como comerciales de dicho proceso.<\/span><\/p>\n<p style=\"text-align: center;\"><span style=\"font-family: verdana, geneva;\">\u00a0 \u00a0 \u00a0 <\/span><\/p>\n<p style=\"text-align: center;\">\n<p style=\"text-align: center;\">\u00a0\u00a0<a href=\"http:\/\/www.maranatapropiedades.cl\/wp-content\/uploads\/2018\/02\/2.jpg\"><img loading=\"lazy\" class=\"alignnone size-medium wp-image-44\" src=\"http:\/\/www.maranatapropiedades.cl\/wp-content\/uploads\/2018\/02\/2-300x128.jpg\" alt=\"2\" width=\"300\" height=\"128\" srcset=\"https:\/\/www.maranatapropiedades.cl\/wp-content\/uploads\/2018\/02\/2-300x128.jpg 300w, https:\/\/www.maranatapropiedades.cl\/wp-content\/uploads\/2018\/02\/2-150x64.jpg 150w, https:\/\/www.maranatapropiedades.cl\/wp-content\/uploads\/2018\/02\/2.jpg 700w\" sizes=\"(max-width: 300px) 100vw, 300px\" \/><\/a><\/p>\n","protected":false},"excerpt":{"rendered":"<p>Maranata Propiedades es\u00a0 una empresa dedicada a la gesti\u00f3n inmobiliaria, que busca entregar a nuestros clientes el servicio de \u00f3ptima calidad y otorgar soluciones integrales; adem\u00e1s de la confianza requerida en las distintas etapas del proceso de compra y venta de bienes ra\u00edces. Brindando una atenci\u00f3n personalizada, exitosa y asesor\u00eda,\u2026<\/p>\n<p class=\"continue-reading-button\"> <a class=\"continue-reading-link\" href=\"https:\/\/www.maranatapropiedades.cl\/?page_id=22\">Continue reading<i class=\"crycon-right-dir\"><\/i><\/a><\/p>\n","protected":false},"author":1,"featured_media":0,"parent":0,"menu_order":0,"comment_status":"closed","ping_status":"closed","template":"","meta":[],"_links":{"self":[{"href":"https:\/\/www.maranatapropiedades.cl\/index.php?rest_route=\/wp\/v2\/pages\/22"}],"collection":[{"href":"https:\/\/www.maranatapropiedades.cl\/index.php?rest_route=\/wp\/v2\/pages"}],"about":[{"href":"https:\/\/www.maranatapropiedades.cl\/index.php?rest_route=\/wp\/v2\/types\/page"}],"author":[{"embeddable":true,"href":"https:\/\/www.maranatapropiedades.cl\/index.php?rest_route=\/wp\/v2\/users\/1"}],"replies":[{"embeddable":true,"href":"https:\/\/www.maranatapropiedades.cl\/index.php?rest_route=%2Fwp%2Fv2%2Fcomments&post=22"}],"version-history":[{"count":10,"href":"https:\/\/www.maranatapropiedades.cl\/index.php?rest_route=\/wp\/v2\/pages\/22\/revisions"}],"predecessor-version":[{"id":158,"href":"https:\/\/www.maranatapropiedades.cl\/index.php?rest_route=\/wp\/v2\/pages\/22\/revisions\/158"}],"wp:attachment":[{"href":"https:\/\/www.maranatapropiedades.cl\/index.php?rest_route=%2Fwp%2Fv2%2Fmedia&parent=22"}],"curies":[{"name":"wp","href":"https:\/\/api.w.org\/{rel}","templated":true}]}}