{"id":7,"date":"2018-02-12T14:09:23","date_gmt":"2018-02-12T14:09:23","guid":{"rendered":"http:\/\/www.maranatapropiedades.cl\/?page_id=7"},"modified":"2018-02-19T22:36:27","modified_gmt":"2018-02-20T01:36:27","slug":"nosotros","status":"publish","type":"page","link":"https:\/\/www.maranatapropiedades.cl\/?page_id=7","title":{"rendered":"Nosotros"},"content":{"rendered":"<p style=\"text-align: justify;\"><strong><span style=\"font-family: verdana, geneva;\">MISI\u00d3N<\/span><\/strong><\/p>\n<p style=\"text-align: justify;\"><span style=\"font-family: verdana, geneva;\"><strong>Maranata Propiedades<\/strong> es\u00a0 una empresa dedicada a la gesti\u00f3n inmobiliaria, que busca entregar a nuestros clientes el servicio de \u00f3ptima calidad y otorgar soluciones integrales; adem\u00e1s de la confianza requerida en las distintas etapas del proceso de compra y venta de bienes ra\u00edces. Brindando una atenci\u00f3n personalizada, exitosa y asesor\u00eda, tanto en los aspectos legales, como comerciales de dicho proceso.<\/span><\/p>\n<p style=\"text-align: justify;\"><strong><span style=\"font-family: verdana, geneva;\">VISI\u00d3N<\/span><\/strong><\/p>\n<p style=\"text-align: justify;\"><span style=\"font-family: verdana, geneva;\">Somos una empresa de gesti\u00f3n inmobiliaria, dedicada a entregar a nuestros consumidores un servicio de excelente calidad y las soluciones asertivas, encaminadas a la optimizaci\u00f3n de los plazos est\u00e1ndares, dentro del proceso de compra y venta de bienes ra\u00edces. Siempre destac\u00e1ndonos por ser una empresa diferente dentro del mercado ya que basamos nuestra labor en la experiencia y en la confianza que depositan nuestros clientes en nosotros, siendo \u00e9sta la base en el actuar de Maranata Propiedades.<\/span><\/p>\n<p style=\"text-align: justify;\"><span style=\"font-family: verdana, geneva;\">\u00a0<\/span><\/p>\n<p style=\"text-align: justify;\"><strong><span style=\"font-family: verdana, geneva;\">FORTALEZAS<\/span><\/strong><\/p>\n<p style=\"text-align: justify;\"><span style=\"font-family: verdana, geneva;\">Somos una empresa familiar, con a\u00f1os de experiencia en el mercado inmobiliario, siendo una fusi\u00f3n de profesionales del \u00e1rea de corretaje, bancario y financiero, \u00a0lo cual nos permite garantizar una atenci\u00f3n integral a cada una de las partes involucradas en el proceso de venta<\/span><\/p>\n<p>&nbsp;<\/p>\n","protected":false},"excerpt":{"rendered":"<p>MISI\u00d3N Maranata Propiedades es\u00a0 una empresa dedicada a la gesti\u00f3n inmobiliaria, que busca entregar a nuestros clientes el servicio de \u00f3ptima calidad y otorgar soluciones integrales; adem\u00e1s de la confianza requerida en las distintas etapas del proceso de compra y venta de bienes ra\u00edces. Brindando una atenci\u00f3n personalizada, exitosa y\u2026<\/p>\n<p class=\"continue-reading-button\"> <a class=\"continue-reading-link\" href=\"https:\/\/www.maranatapropiedades.cl\/?page_id=7\">Continue reading<i class=\"crycon-right-dir\"><\/i><\/a><\/p>\n","protected":false},"author":1,"featured_media":0,"parent":0,"menu_order":1,"comment_status":"closed","ping_status":"closed","template":"","meta":[],"_links":{"self":[{"href":"https:\/\/www.maranatapropiedades.cl\/index.php?rest_route=\/wp\/v2\/pages\/7"}],"collection":[{"href":"https:\/\/www.maranatapropiedades.cl\/index.php?rest_route=\/wp\/v2\/pages"}],"about":[{"href":"https:\/\/www.maranatapropiedades.cl\/index.php?rest_route=\/wp\/v2\/types\/page"}],"author":[{"embeddable":true,"href":"https:\/\/www.maranatapropiedades.cl\/index.php?rest_route=\/wp\/v2\/users\/1"}],"replies":[{"embeddable":true,"href":"https:\/\/www.maranatapropiedades.cl\/index.php?rest_route=%2Fwp%2Fv2%2Fcomments&post=7"}],"version-history":[{"count":3,"href":"https:\/\/www.maranatapropiedades.cl\/index.php?rest_route=\/wp\/v2\/pages\/7\/revisions"}],"predecessor-version":[{"id":157,"href":"https:\/\/www.maranatapropiedades.cl\/index.php?rest_route=\/wp\/v2\/pages\/7\/revisions\/157"}],"wp:attachment":[{"href":"https:\/\/www.maranatapropiedades.cl\/index.php?rest_route=%2Fwp%2Fv2%2Fmedia&parent=7"}],"curies":[{"name":"wp","href":"https:\/\/api.w.org\/{rel}","templated":true}]}}